{"id":267,"date":"2021-06-23T19:37:22","date_gmt":"2021-06-24T02:37:22","guid":{"rendered":"https:\/\/recycfluo.local\/home\/"},"modified":"2023-10-26T12:01:18","modified_gmt":"2023-10-26T19:01:18","slug":"home","status":"publish","type":"page","link":"https:\/\/recycfluo.ca\/fr\/","title":{"rendered":"Accueil"},"content":{"rendered":"","protected":false},"excerpt":{"rendered":"","protected":false},"author":1,"featured_media":0,"parent":0,"menu_order":0,"comment_status":"closed","ping_status":"closed","template":"templates\/home.php","meta":{"_acf_changed":false,"footnotes":""},"class_list":["post-267","page","type-page","status-publish","hentry"],"acf":[],"yoast_head":"<!-- This site is optimized with the Yoast SEO plugin v27.3 - https:\/\/yoast.com\/product\/yoast-seo-wordpress\/ -->\n<title>Recyclez vos ampoules et vos lampes au Qu\u00e9bec - RecycFluo<\/title>\n<meta name=\"description\" content=\"Recyclez les ampoules, les lampes fluocompactes et les tubes fluorescents dans plus de 800 points de d\u00e9p\u00f4t au Qu\u00e9bec avec RecycFluo.\" \/>\n<meta name=\"robots\" content=\"index, follow, max-snippet:-1, max-image-preview:large, max-video-preview:-1\" \/>\n<link rel=\"canonical\" href=\"https:\/\/recycfluo.ca\/fr\/\" \/>\n<meta property=\"og:locale\" content=\"fr_FR\" \/>\n<meta property=\"og:type\" content=\"article\" \/>\n<meta property=\"og:title\" content=\"Recyclez vos ampoules et vos lampes au Qu\u00e9bec - RecycFluo\" \/>\n<meta property=\"og:description\" content=\"Recyclez les ampoules, les lampes fluocompactes et les tubes fluorescents dans plus de 800 points de d\u00e9p\u00f4t au Qu\u00e9bec avec RecycFluo.\" \/>\n<meta property=\"og:url\" content=\"https:\/\/recycfluo.ca\/fr\/\" \/>\n<meta property=\"og:site_name\" content=\"RecycFluo\" \/>\n<meta property=\"article:modified_time\" content=\"2023-10-26T19:01:18+00:00\" \/>\n<meta name=\"twitter:card\" content=\"summary_large_image\" \/>\n<script type=\"application\/ld+json\" class=\"yoast-schema-graph\">{\"@context\":\"https:\\\/\\\/schema.org\",\"@graph\":[{\"@type\":\"WebPage\",\"@id\":\"https:\\\/\\\/recycfluo.ca\\\/fr\\\/\",\"url\":\"https:\\\/\\\/recycfluo.ca\\\/fr\\\/\",\"name\":\"Recyclez vos ampoules et vos lampes au Qu\u00e9bec - RecycFluo\",\"isPartOf\":{\"@id\":\"https:\\\/\\\/recycfluo.ca\\\/fr\\\/#website\"},\"datePublished\":\"2021-06-24T02:37:22+00:00\",\"dateModified\":\"2023-10-26T19:01:18+00:00\",\"description\":\"Recyclez les ampoules, les lampes fluocompactes et les tubes fluorescents dans plus de 800 points de d\u00e9p\u00f4t au Qu\u00e9bec avec RecycFluo.\",\"breadcrumb\":{\"@id\":\"https:\\\/\\\/recycfluo.ca\\\/fr\\\/#breadcrumb\"},\"inLanguage\":\"fr-FR\",\"potentialAction\":[{\"@type\":\"ReadAction\",\"target\":[\"https:\\\/\\\/recycfluo.ca\\\/fr\\\/\"]}]},{\"@type\":\"BreadcrumbList\",\"@id\":\"https:\\\/\\\/recycfluo.ca\\\/fr\\\/#breadcrumb\",\"itemListElement\":[{\"@type\":\"ListItem\",\"position\":1,\"name\":\"Home\",\"item\":\"https:\\\/\\\/recycfluo.ca\\\/fr\\\/\"},{\"@type\":\"ListItem\",\"position\":2,\"name\":\"Accueil\"}]},{\"@type\":\"WebSite\",\"@id\":\"https:\\\/\\\/recycfluo.ca\\\/fr\\\/#website\",\"url\":\"https:\\\/\\\/recycfluo.ca\\\/fr\\\/\",\"name\":\"RecycFluo\",\"description\":\"Recyclage d&#039;ampoules\",\"potentialAction\":[{\"@type\":\"SearchAction\",\"target\":{\"@type\":\"EntryPoint\",\"urlTemplate\":\"https:\\\/\\\/recycfluo.ca\\\/fr\\\/?s={search_term_string}\"},\"query-input\":{\"@type\":\"PropertyValueSpecification\",\"valueRequired\":true,\"valueName\":\"search_term_string\"}}],\"inLanguage\":\"fr-FR\"}]}<\/script>\n<!-- \/ Yoast SEO plugin. -->","yoast_head_json":{"title":"Recyclez vos ampoules et vos lampes au Qu\u00e9bec - RecycFluo","description":"Recyclez les ampoules, les lampes fluocompactes et les tubes fluorescents dans plus de 800 points de d\u00e9p\u00f4t au Qu\u00e9bec avec RecycFluo.","robots":{"index":"index","follow":"follow","max-snippet":"max-snippet:-1","max-image-preview":"max-image-preview:large","max-video-preview":"max-video-preview:-1"},"canonical":"https:\/\/recycfluo.ca\/fr\/","og_locale":"fr_FR","og_type":"article","og_title":"Recyclez vos ampoules et vos lampes au Qu\u00e9bec - RecycFluo","og_description":"Recyclez les ampoules, les lampes fluocompactes et les tubes fluorescents dans plus de 800 points de d\u00e9p\u00f4t au Qu\u00e9bec avec RecycFluo.","og_url":"https:\/\/recycfluo.ca\/fr\/","og_site_name":"RecycFluo","article_modified_time":"2023-10-26T19:01:18+00:00","twitter_card":"summary_large_image","schema":{"@context":"https:\/\/schema.org","@graph":[{"@type":"WebPage","@id":"https:\/\/recycfluo.ca\/fr\/","url":"https:\/\/recycfluo.ca\/fr\/","name":"Recyclez vos ampoules et vos lampes au Qu\u00e9bec - RecycFluo","isPartOf":{"@id":"https:\/\/recycfluo.ca\/fr\/#website"},"datePublished":"2021-06-24T02:37:22+00:00","dateModified":"2023-10-26T19:01:18+00:00","description":"Recyclez les ampoules, les lampes fluocompactes et les tubes fluorescents dans plus de 800 points de d\u00e9p\u00f4t au Qu\u00e9bec avec RecycFluo.","breadcrumb":{"@id":"https:\/\/recycfluo.ca\/fr\/#breadcrumb"},"inLanguage":"fr-FR","potentialAction":[{"@type":"ReadAction","target":["https:\/\/recycfluo.ca\/fr\/"]}]},{"@type":"BreadcrumbList","@id":"https:\/\/recycfluo.ca\/fr\/#breadcrumb","itemListElement":[{"@type":"ListItem","position":1,"name":"Home","item":"https:\/\/recycfluo.ca\/fr\/"},{"@type":"ListItem","position":2,"name":"Accueil"}]},{"@type":"WebSite","@id":"https:\/\/recycfluo.ca\/fr\/#website","url":"https:\/\/recycfluo.ca\/fr\/","name":"RecycFluo","description":"Recyclage d&#039;ampoules","potentialAction":[{"@type":"SearchAction","target":{"@type":"EntryPoint","urlTemplate":"https:\/\/recycfluo.ca\/fr\/?s={search_term_string}"},"query-input":{"@type":"PropertyValueSpecification","valueRequired":true,"valueName":"search_term_string"}}],"inLanguage":"fr-FR"}]}},"_links":{"self":[{"href":"https:\/\/recycfluo.ca\/fr\/wp-json\/wp\/v2\/pages\/267","targetHints":{"allow":["GET"]}}],"collection":[{"href":"https:\/\/recycfluo.ca\/fr\/wp-json\/wp\/v2\/pages"}],"about":[{"href":"https:\/\/recycfluo.ca\/fr\/wp-json\/wp\/v2\/types\/page"}],"author":[{"embeddable":true,"href":"https:\/\/recycfluo.ca\/fr\/wp-json\/wp\/v2\/users\/1"}],"replies":[{"embeddable":true,"href":"https:\/\/recycfluo.ca\/fr\/wp-json\/wp\/v2\/comments?post=267"}],"version-history":[{"count":0,"href":"https:\/\/recycfluo.ca\/fr\/wp-json\/wp\/v2\/pages\/267\/revisions"}],"wp:attachment":[{"href":"https:\/\/recycfluo.ca\/fr\/wp-json\/wp\/v2\/media?parent=267"}],"curies":[{"name":"wp","href":"https:\/\/api.w.org\/{rel}","templated":true}]}}