{"id":279,"date":"2021-11-12T15:11:21","date_gmt":"2021-11-12T23:11:21","guid":{"rendered":"https:\/\/recycfluo.local\/accepted-lights\/"},"modified":"2025-11-28T12:46:24","modified_gmt":"2025-11-28T20:46:24","slug":"ampoules-acceptees","status":"publish","type":"page","link":"https:\/\/recycfluo.ca\/fr\/ampoules-acceptees\/","title":{"rendered":"Ampoules accept\u00e9es"},"content":{"rendered":"","protected":false},"excerpt":{"rendered":"","protected":false},"author":1,"featured_media":0,"parent":0,"menu_order":2,"comment_status":"closed","ping_status":"closed","template":"templates\/accepted-lights.php","meta":{"_acf_changed":false,"footnotes":""},"class_list":["post-279","page","type-page","status-publish","hentry"],"acf":[],"yoast_head":"<!-- This site is optimized with the Yoast SEO plugin v27.3 - https:\/\/yoast.com\/product\/yoast-seo-wordpress\/ -->\n<title>Ampoules accept\u00e9es par RecycFluo<\/title>\n<meta name=\"description\" content=\"Recyclez les tubes fluorescents, les lampes fluocompactes (LFC) et toutes les lampes sp\u00e9cialis\u00e9es contenant du mercure (UV \/ HID \/ HPS \/ UHP)\" \/>\n<meta name=\"robots\" content=\"index, follow, max-snippet:-1, max-image-preview:large, max-video-preview:-1\" \/>\n<link rel=\"canonical\" href=\"https:\/\/recycfluo.ca\/fr\/ampoules-acceptees\/\" \/>\n<meta property=\"og:locale\" content=\"fr_FR\" \/>\n<meta property=\"og:type\" content=\"article\" \/>\n<meta property=\"og:title\" content=\"Ampoules accept\u00e9es par RecycFluo\" \/>\n<meta property=\"og:description\" content=\"Recyclez les tubes fluorescents, les lampes fluocompactes (LFC) et toutes les lampes sp\u00e9cialis\u00e9es contenant du mercure (UV \/ HID \/ HPS \/ UHP)\" \/>\n<meta property=\"og:url\" content=\"https:\/\/recycfluo.ca\/fr\/ampoules-acceptees\/\" \/>\n<meta property=\"og:site_name\" content=\"RecycFluo\" \/>\n<meta property=\"article:modified_time\" content=\"2025-11-28T20:46:24+00:00\" \/>\n<meta name=\"twitter:card\" content=\"summary_large_image\" \/>\n<script type=\"application\/ld+json\" class=\"yoast-schema-graph\">{\"@context\":\"https:\\\/\\\/schema.org\",\"@graph\":[{\"@type\":\"WebPage\",\"@id\":\"https:\\\/\\\/recycfluo.ca\\\/fr\\\/ampoules-acceptees\\\/\",\"url\":\"https:\\\/\\\/recycfluo.ca\\\/fr\\\/ampoules-acceptees\\\/\",\"name\":\"Ampoules accept\u00e9es par RecycFluo\",\"isPartOf\":{\"@id\":\"https:\\\/\\\/recycfluo.ca\\\/fr\\\/#website\"},\"datePublished\":\"2021-11-12T23:11:21+00:00\",\"dateModified\":\"2025-11-28T20:46:24+00:00\",\"description\":\"Recyclez les tubes fluorescents, les lampes fluocompactes (LFC) et toutes les lampes sp\u00e9cialis\u00e9es contenant du mercure (UV \\\/ HID \\\/ HPS \\\/ UHP)\",\"breadcrumb\":{\"@id\":\"https:\\\/\\\/recycfluo.ca\\\/fr\\\/ampoules-acceptees\\\/#breadcrumb\"},\"inLanguage\":\"fr-FR\",\"potentialAction\":[{\"@type\":\"ReadAction\",\"target\":[\"https:\\\/\\\/recycfluo.ca\\\/fr\\\/ampoules-acceptees\\\/\"]}]},{\"@type\":\"BreadcrumbList\",\"@id\":\"https:\\\/\\\/recycfluo.ca\\\/fr\\\/ampoules-acceptees\\\/#breadcrumb\",\"itemListElement\":[{\"@type\":\"ListItem\",\"position\":1,\"name\":\"Home\",\"item\":\"https:\\\/\\\/recycfluo.ca\\\/fr\\\/\"},{\"@type\":\"ListItem\",\"position\":2,\"name\":\"Ampoules accept\u00e9es\"}]},{\"@type\":\"WebSite\",\"@id\":\"https:\\\/\\\/recycfluo.ca\\\/fr\\\/#website\",\"url\":\"https:\\\/\\\/recycfluo.ca\\\/fr\\\/\",\"name\":\"RecycFluo\",\"description\":\"Recyclage d&#039;ampoules\",\"potentialAction\":[{\"@type\":\"SearchAction\",\"target\":{\"@type\":\"EntryPoint\",\"urlTemplate\":\"https:\\\/\\\/recycfluo.ca\\\/fr\\\/?s={search_term_string}\"},\"query-input\":{\"@type\":\"PropertyValueSpecification\",\"valueRequired\":true,\"valueName\":\"search_term_string\"}}],\"inLanguage\":\"fr-FR\"}]}<\/script>\n<!-- \/ Yoast SEO plugin. -->","yoast_head_json":{"title":"Ampoules accept\u00e9es par RecycFluo","description":"Recyclez les tubes fluorescents, les lampes fluocompactes (LFC) et toutes les lampes sp\u00e9cialis\u00e9es contenant du mercure (UV \/ HID \/ HPS \/ UHP)","robots":{"index":"index","follow":"follow","max-snippet":"max-snippet:-1","max-image-preview":"max-image-preview:large","max-video-preview":"max-video-preview:-1"},"canonical":"https:\/\/recycfluo.ca\/fr\/ampoules-acceptees\/","og_locale":"fr_FR","og_type":"article","og_title":"Ampoules accept\u00e9es par RecycFluo","og_description":"Recyclez les tubes fluorescents, les lampes fluocompactes (LFC) et toutes les lampes sp\u00e9cialis\u00e9es contenant du mercure (UV \/ HID \/ HPS \/ UHP)","og_url":"https:\/\/recycfluo.ca\/fr\/ampoules-acceptees\/","og_site_name":"RecycFluo","article_modified_time":"2025-11-28T20:46:24+00:00","twitter_card":"summary_large_image","schema":{"@context":"https:\/\/schema.org","@graph":[{"@type":"WebPage","@id":"https:\/\/recycfluo.ca\/fr\/ampoules-acceptees\/","url":"https:\/\/recycfluo.ca\/fr\/ampoules-acceptees\/","name":"Ampoules accept\u00e9es par RecycFluo","isPartOf":{"@id":"https:\/\/recycfluo.ca\/fr\/#website"},"datePublished":"2021-11-12T23:11:21+00:00","dateModified":"2025-11-28T20:46:24+00:00","description":"Recyclez les tubes fluorescents, les lampes fluocompactes (LFC) et toutes les lampes sp\u00e9cialis\u00e9es contenant du mercure (UV \/ HID \/ HPS \/ UHP)","breadcrumb":{"@id":"https:\/\/recycfluo.ca\/fr\/ampoules-acceptees\/#breadcrumb"},"inLanguage":"fr-FR","potentialAction":[{"@type":"ReadAction","target":["https:\/\/recycfluo.ca\/fr\/ampoules-acceptees\/"]}]},{"@type":"BreadcrumbList","@id":"https:\/\/recycfluo.ca\/fr\/ampoules-acceptees\/#breadcrumb","itemListElement":[{"@type":"ListItem","position":1,"name":"Home","item":"https:\/\/recycfluo.ca\/fr\/"},{"@type":"ListItem","position":2,"name":"Ampoules accept\u00e9es"}]},{"@type":"WebSite","@id":"https:\/\/recycfluo.ca\/fr\/#website","url":"https:\/\/recycfluo.ca\/fr\/","name":"RecycFluo","description":"Recyclage d&#039;ampoules","potentialAction":[{"@type":"SearchAction","target":{"@type":"EntryPoint","urlTemplate":"https:\/\/recycfluo.ca\/fr\/?s={search_term_string}"},"query-input":{"@type":"PropertyValueSpecification","valueRequired":true,"valueName":"search_term_string"}}],"inLanguage":"fr-FR"}]}},"_links":{"self":[{"href":"https:\/\/recycfluo.ca\/fr\/wp-json\/wp\/v2\/pages\/279","targetHints":{"allow":["GET"]}}],"collection":[{"href":"https:\/\/recycfluo.ca\/fr\/wp-json\/wp\/v2\/pages"}],"about":[{"href":"https:\/\/recycfluo.ca\/fr\/wp-json\/wp\/v2\/types\/page"}],"author":[{"embeddable":true,"href":"https:\/\/recycfluo.ca\/fr\/wp-json\/wp\/v2\/users\/1"}],"replies":[{"embeddable":true,"href":"https:\/\/recycfluo.ca\/fr\/wp-json\/wp\/v2\/comments?post=279"}],"version-history":[{"count":0,"href":"https:\/\/recycfluo.ca\/fr\/wp-json\/wp\/v2\/pages\/279\/revisions"}],"wp:attachment":[{"href":"https:\/\/recycfluo.ca\/fr\/wp-json\/wp\/v2\/media?parent=279"}],"curies":[{"name":"wp","href":"https:\/\/api.w.org\/{rel}","templated":true}]}}